{"id":17,"date":"2014-11-29T01:31:12","date_gmt":"2014-11-29T01:31:12","guid":{"rendered":"http:\/\/overde.com.ar\/web\/?page_id=17"},"modified":"2014-11-29T01:36:06","modified_gmt":"2014-11-29T01:36:06","slug":"geografia","status":"publish","type":"page","link":"https:\/\/www.oroverde.com.ar\/web\/geografia\/","title":{"rendered":"Geograf\u00eda"},"content":{"rendered":"<p>Oro Verde es una localidad de mas de 6500 habitantes (seg\u00fan datos del Censo 2010) y se encuentra ubicada en el distrito Sauce, Departamento Paran\u00e1, 10 km al sur de la ciudad de Paran\u00e1. El \u00e9jido municipal se extiende desde el kil\u00f3metro cinco y medio de la ruta provincial 11 hasta el kil\u00f3metro 13 donde se encuentra la estaci\u00f3n experimental del INTA (Instituto Nacional de Tecnolog\u00eda Agropecuaria).<\/p>\n<p><iframe style=\"border: 1px solid black;\" src=\"http:\/\/www.openstreetmap.org\/export\/embed.html?bbox=-60.54007530212402%2C-31.835894117606774%2C-60.5072021484375%2C-31.81459945186537&amp;layer=mapnik\" width=\"700\" height=\"700\" frameborder=\"0\" marginwidth=\"0\" marginheight=\"0\" scrolling=\"no\"><\/iframe><br \/>\n<small><a href=\"http:\/\/www.openstreetmap.org\/#map=15\/-31.8252\/-60.5236\">Ver mapa m\u00e1s grande<\/a><\/small><\/p>\n<p>Se puede acceder a la localidad transitando la ruta provincial n\u00famero 11 desde Paran\u00e1 o desde la ciudad de Diamante. Para aquellos que nos visitan desde Buenos Aires, Oro Verde es la \u00faltima localidad a la vera de la ruta antes de acceder a Paran\u00e1. Cuenta con accesos r\u00e1pidos al aeropuerto provincial y a la estaci\u00f3n terminal de \u00f3mnibus.<\/p>\n<p>Est\u00e1 vinculado a Paran\u00e1 a trav\u00e9s de las lineas urbanas de pasajeros n\u00famero 15 y n\u00famero 6 de la empresa ERSA cuyas unidades brindan un servicio permanente.<\/p>\n<p>Oro Verde limita al norte con el arroyo De los Berros, al este con el arroyo de Las Cruces, al oeste con el arroyo de la Cruz y zona de anegadizos del R\u00edo Paran\u00e1 y al sur con los campos del INTA inclu\u00eddos dentro del \u00e9jido municipal.<\/p>\n<p>La localidad est\u00e1 ubicada en las coordenadas 31.8170\u00b0 de latitud sur y 60.5170\u00b0 de longitud oeste.<\/p>\n","protected":false},"excerpt":{"rendered":"<p>Oro Verde es una localidad de mas de 6500 habitantes (seg\u00fan datos del Censo 2010) y se encuentra ubicada en el distrito Sauce, Departamento Paran\u00e1, 10 km al sur de&#8230;<\/p>\n","protected":false},"author":1,"featured_media":0,"parent":0,"menu_order":0,"comment_status":"open","ping_status":"closed","template":"","meta":{"_eb_attr":"","footnotes":""},"class_list":["post-17","page","type-page","status-publish","hentry"],"_links":{"self":[{"href":"https:\/\/www.oroverde.com.ar\/web\/wp-json\/wp\/v2\/pages\/17","targetHints":{"allow":["GET"]}}],"collection":[{"href":"https:\/\/www.oroverde.com.ar\/web\/wp-json\/wp\/v2\/pages"}],"about":[{"href":"https:\/\/www.oroverde.com.ar\/web\/wp-json\/wp\/v2\/types\/page"}],"author":[{"embeddable":true,"href":"https:\/\/www.oroverde.com.ar\/web\/wp-json\/wp\/v2\/users\/1"}],"replies":[{"embeddable":true,"href":"https:\/\/www.oroverde.com.ar\/web\/wp-json\/wp\/v2\/comments?post=17"}],"version-history":[{"count":3,"href":"https:\/\/www.oroverde.com.ar\/web\/wp-json\/wp\/v2\/pages\/17\/revisions"}],"predecessor-version":[{"id":22,"href":"https:\/\/www.oroverde.com.ar\/web\/wp-json\/wp\/v2\/pages\/17\/revisions\/22"}],"wp:attachment":[{"href":"https:\/\/www.oroverde.com.ar\/web\/wp-json\/wp\/v2\/media?parent=17"}],"curies":[{"name":"wp","href":"https:\/\/api.w.org\/{rel}","templated":true}]}}