{"id":23,"date":"2014-11-29T18:50:35","date_gmt":"2014-11-29T18:50:35","guid":{"rendered":"http:\/\/overde.com.ar\/web\/?page_id=23"},"modified":"2017-03-26T11:24:23","modified_gmt":"2017-03-26T14:24:23","slug":"historia","status":"publish","type":"page","link":"https:\/\/www.oroverde.com.ar\/web\/historia\/","title":{"rendered":"Introducci\u00f3n"},"content":{"rendered":"<p style=\"text-align: justify;\"><strong><a href=\"http:\/\/overde.com.ar\/web\/wp-content\/uploads\/2014\/11\/S6302188.jpg\"><img fetchpriority=\"high\" decoding=\"async\" class=\"size-medium wp-image-32\" src=\"http:\/\/overde.com.ar\/web\/wp-content\/uploads\/2014\/11\/S6302188-300x225.jpg\" alt=\"S6302188\" width=\"300\" height=\"225\" srcset=\"https:\/\/www.oroverde.com.ar\/web\/wp-content\/uploads\/2014\/11\/S6302188-300x225.jpg 300w, https:\/\/www.oroverde.com.ar\/web\/wp-content\/uploads\/2014\/11\/S6302188-150x113.jpg 150w, https:\/\/www.oroverde.com.ar\/web\/wp-content\/uploads\/2014\/11\/S6302188-480x360.jpg 480w, https:\/\/www.oroverde.com.ar\/web\/wp-content\/uploads\/2014\/11\/S6302188.jpg 600w\" sizes=\"(max-width: 300px) 100vw, 300px\" \/><\/a>Los or\u00edgenes<\/strong>. El primer asentamiento del que se tiene conocimiento, corresponde a la instalaci\u00f3n del Ferrocarril. Se trata de la antigua estaci\u00f3n \u00abParacao\u00bb, construida por el Ferrocarril Entre R\u00edos entre <strong>1897<\/strong> y <strong>1898<\/strong>. Est\u00e1 ubicada a un costado de la ruta 11, frente a los actuales talleres de la Regional Paran\u00e1 de la Direcci\u00f3n Provincial de Vialidad. M\u00e1s informaci\u00f3n sobre esta estaci\u00f3n haciendo clic aqu\u00ed. (Fuente: Entre R\u00edos sobre Rieles)<\/p>\n<p style=\"text-align: justify;\">\n<p style=\"text-align: justify;\"><strong>El primer habitante.<\/strong><\/p>\n<p style=\"text-align: justify;\"><a href=\"http:\/\/overde.com.ar\/web\/wp-content\/uploads\/2014\/11\/conrado_hasenauer.png\"><img decoding=\"async\" class=\"alignleft size-full wp-image-24\" src=\"http:\/\/overde.com.ar\/web\/wp-content\/uploads\/2014\/11\/conrado_hasenauer.png\" alt=\"Don Conrado Hasenauer\" width=\"164\" height=\"228\" srcset=\"https:\/\/www.oroverde.com.ar\/web\/wp-content\/uploads\/2014\/11\/conrado_hasenauer.png 164w, https:\/\/www.oroverde.com.ar\/web\/wp-content\/uploads\/2014\/11\/conrado_hasenauer-150x209.png 150w\" sizes=\"(max-width: 164px) 100vw, 164px\" \/><\/a><\/p>\n<p style=\"text-align: justify;\">El primer habitante de Oro Verde\u00a0 fue el se\u00f1or Conrado Hasenauer<a href=\"http:\/\/overde.com.ar\/web\/wp-content\/uploads\/2014\/11\/pict0008.jpg\"><img decoding=\"async\" class=\"alignright wp-image-25 size-medium\" src=\"http:\/\/overde.com.ar\/web\/wp-content\/uploads\/2014\/11\/pict0008-300x231.jpg\" alt=\"La casa de Don Conrado\" width=\"300\" height=\"231\" srcset=\"https:\/\/www.oroverde.com.ar\/web\/wp-content\/uploads\/2014\/11\/pict0008-300x231.jpg 300w, https:\/\/www.oroverde.com.ar\/web\/wp-content\/uploads\/2014\/11\/pict0008-150x116.jpg 150w, https:\/\/www.oroverde.com.ar\/web\/wp-content\/uploads\/2014\/11\/pict0008.jpg 400w\" sizes=\"(max-width: 300px) 100vw, 300px\" \/><\/a> quien lleg\u00f3 a instalarse aqu\u00ed en el a\u00f1o 1936. El museo regional del pueblo, lleva su nombre. La que fuera su casa ya no existe. Fue demolida dando lugar al crecimiento del pueblo, a mediados de la primera d\u00e9cada del siglo XXI. La construcci\u00f3n tradicional se encontraba en calle Los Cardenales, metros al sur de calle Los Sauces.<\/p>\n<p style=\"text-align: justify;\"><strong>Loteo<\/strong>: En agosto de 1948 se produjo un loteo que dio lugar al desmalezamiento del terreno y el comienzo de la construcci\u00f3n de viviendas. El loteo se realiz\u00f3 en quintas cuyo due\u00f1o era el se\u00f1or Raul Mastaglia, \u00fanico propietario de campos de la zona. Llev\u00f3 el nombre de Oro Verde. Quien ha visto sus atardeceres del color del oro, mezclados con el verde de su paisaje puede comprender la belleza del nombre.<\/p>\n<p style=\"text-align: justify;\">All\u00e1 por 1948, se comenzaron a dar los primeros pasos para el nacimiento de Oro Verde como localidad. Los campos originarios pertenec\u00edan a Don Ra\u00fal Mastaglia quien decidi\u00f3 realizar la partici\u00f3n en lotes y posterior remate de los mismos. Para la promoci\u00f3n del loteo que dar\u00eda el nombre a la localidad se utiliz\u00f3 la difusi\u00f3n por medios gr\u00e1ficos con el panfleto que muestra la figura en esta nota.<a href=\"http:\/\/overde.com.ar\/web\/wp-content\/uploads\/2014\/11\/loteo.jpg\"><img loading=\"lazy\" decoding=\"async\" class=\"alignright wp-image-33 size-medium\" src=\"http:\/\/overde.com.ar\/web\/wp-content\/uploads\/2014\/11\/loteo-300x258.jpg\" alt=\"Loteo Oro Verde\" width=\"300\" height=\"258\" \/><\/a><\/p>\n<p style=\"text-align: justify;\">N\u00f3tense detalles interesantes tales como la paloma con una rama de mu\u00e9rdago, s\u00edmbolo de progreso, la campana hecha \u00absonar\u00bb a trav\u00e9s del martillo de remate y las monedas de 20 pesos que se desprenden de ella, como s\u00edmbolo de prosperidad. Es importante destacar la visi\u00f3n de futuro del artista en cuanto a los detalles de la poblaci\u00f3n (parte inferior del grabado) y su similitud con la distribuci\u00f3n actual.<\/p>\n<address>(Agradecemos la colaboraci\u00f3n del Lic. Roberto Ronchi y por su intermedio a Miguel Ma\u00edn quienes nos dieron su aporte desinteresadamente.)<\/address>\n<p style=\"text-align: justify;\">El 8 de enero de 1950, en el diario La Acci\u00f3n se publicitaba la venta de terrenos. \u201cSi pudiera, \u00bfcomprar\u00eda Ud. un pedacito de cielo?\u201d invitaba el aviso.<\/p>\n<figure id=\"attachment_173\" aria-describedby=\"caption-attachment-173\" style=\"width: 490px\" class=\"wp-caption aligncenter\"><a href=\"http:\/\/www.oroverde.com.ar\/web\/wp-content\/uploads\/2014\/11\/volante1950.jpg\"><img loading=\"lazy\" decoding=\"async\" class=\"wp-image-173\" src=\"http:\/\/www.oroverde.com.ar\/web\/wp-content\/uploads\/2014\/11\/volante1950.jpg\" alt=\"Fuente: Archivo General de Entre R\u00edos \u2013 Ministerio de Cultura y Comunicaci\u00f3n\" width=\"490\" height=\"492\" srcset=\"https:\/\/www.oroverde.com.ar\/web\/wp-content\/uploads\/2014\/11\/volante1950.jpg 814w, https:\/\/www.oroverde.com.ar\/web\/wp-content\/uploads\/2014\/11\/volante1950-300x301.jpg 300w, https:\/\/www.oroverde.com.ar\/web\/wp-content\/uploads\/2014\/11\/volante1950-150x151.jpg 150w, https:\/\/www.oroverde.com.ar\/web\/wp-content\/uploads\/2014\/11\/volante1950-768x771.jpg 768w, https:\/\/www.oroverde.com.ar\/web\/wp-content\/uploads\/2014\/11\/volante1950-100x100.jpg 100w\" sizes=\"(max-width: 490px) 100vw, 490px\" \/><\/a><figcaption id=\"caption-attachment-173\" class=\"wp-caption-text\">Fuente: Archivo General de Entre R\u00edos \u2013 Ministerio de Cultura y Comunicaci\u00f3n<\/figcaption><\/figure>\n<p style=\"text-align: justify;\"><strong>El Municipio:<\/strong> El Municipio de Oro Verde fue gobernado desde el retorno de la democracia en 1983, por la Uni\u00f3n C\u00edvica Radical, encabezada por el Carlos Del Castillo hasta 2005. Previo a ello, existi\u00f3 la Junta de Fomento, presidida por Jos\u00e9 Mar\u00eda Dum\u00e9, quien dejara de exitir en 2014. Luego del fallecimiento del Intendente Carlos Del Castillo en 2005 tras una penosa enfermedad, fue reemplazado en el cargo por el Carlos Schmidt que gobern\u00f3 hasta 2007. En las elecciones generales de 2007, se impuso un partido local llamando Uni\u00f3n Vecinal. Asumi\u00f3 oficialmente el cargo de Presidente Municipal, el Jos\u00e9 Luis Dume el d\u00eda 10 de diciembre de 2007. En octubre de 2011 fue reelecto por un nuevo per\u00edodo de 4 a\u00f1os por una amplia mayor\u00eda que deja a la Uni\u00f3n C\u00edvica Radical, principal opositor, con solo 2 concejales.<\/p>\n<p style=\"text-align: justify;\">\n<p style=\"text-align: right;\"><strong>Autores: Walter Elias y Marina Grandolio &#8211; mayo de 2000<\/strong><\/p>\n<p style=\"text-align: right;\"><strong>Permitida su reproducci\u00f3n parcial o total mencionando la fuente y los autores<\/strong><\/p>\n","protected":false},"excerpt":{"rendered":"<p>Los or\u00edgenes. El primer asentamiento del que se tiene conocimiento, corresponde a la instalaci\u00f3n del Ferrocarril. Se trata de la antigua estaci\u00f3n \u00abParacao\u00bb, construida por el Ferrocarril Entre R\u00edos entre&#8230;<\/p>\n","protected":false},"author":1,"featured_media":0,"parent":0,"menu_order":0,"comment_status":"open","ping_status":"closed","template":"","meta":{"_eb_attr":"","footnotes":""},"class_list":["post-23","page","type-page","status-publish","hentry"],"_links":{"self":[{"href":"https:\/\/www.oroverde.com.ar\/web\/wp-json\/wp\/v2\/pages\/23","targetHints":{"allow":["GET"]}}],"collection":[{"href":"https:\/\/www.oroverde.com.ar\/web\/wp-json\/wp\/v2\/pages"}],"about":[{"href":"https:\/\/www.oroverde.com.ar\/web\/wp-json\/wp\/v2\/types\/page"}],"author":[{"embeddable":true,"href":"https:\/\/www.oroverde.com.ar\/web\/wp-json\/wp\/v2\/users\/1"}],"replies":[{"embeddable":true,"href":"https:\/\/www.oroverde.com.ar\/web\/wp-json\/wp\/v2\/comments?post=23"}],"version-history":[{"count":9,"href":"https:\/\/www.oroverde.com.ar\/web\/wp-json\/wp\/v2\/pages\/23\/revisions"}],"predecessor-version":[{"id":1420,"href":"https:\/\/www.oroverde.com.ar\/web\/wp-json\/wp\/v2\/pages\/23\/revisions\/1420"}],"wp:attachment":[{"href":"https:\/\/www.oroverde.com.ar\/web\/wp-json\/wp\/v2\/media?parent=23"}],"curies":[{"name":"wp","href":"https:\/\/api.w.org\/{rel}","templated":true}]}}