{"id":2403,"date":"2017-11-19T12:03:15","date_gmt":"2017-11-19T15:03:15","guid":{"rendered":"http:\/\/www.oroverde.com.ar\/web\/?page_id=2403"},"modified":"2017-11-24T19:07:03","modified_gmt":"2017-11-24T22:07:03","slug":"area-de-ninez-y-adolescencia-anaf","status":"publish","type":"page","link":"https:\/\/www.oroverde.com.ar\/web\/area-de-ninez-y-adolescencia-anaf\/","title":{"rendered":"\u00c1rea de Ni\u00f1ez y Adolescencia &#8211; ANAF"},"content":{"rendered":"<p><a href=\"http:\/\/www.oroverde.com.ar\/web\/wp-content\/uploads\/2017\/11\/WhatsApp-Image-2017-11-20-at-09.27.13.jpeg\"><img fetchpriority=\"high\" decoding=\"async\" class=\"aligncenter size-full wp-image-2410\" src=\"http:\/\/www.oroverde.com.ar\/web\/wp-content\/uploads\/2017\/11\/WhatsApp-Image-2017-11-20-at-09.27.13.jpeg\" alt=\"\" width=\"960\" height=\"640\" srcset=\"https:\/\/www.oroverde.com.ar\/web\/wp-content\/uploads\/2017\/11\/WhatsApp-Image-2017-11-20-at-09.27.13.jpeg 960w, https:\/\/www.oroverde.com.ar\/web\/wp-content\/uploads\/2017\/11\/WhatsApp-Image-2017-11-20-at-09.27.13-300x200.jpeg 300w, https:\/\/www.oroverde.com.ar\/web\/wp-content\/uploads\/2017\/11\/WhatsApp-Image-2017-11-20-at-09.27.13-150x100.jpeg 150w, https:\/\/www.oroverde.com.ar\/web\/wp-content\/uploads\/2017\/11\/WhatsApp-Image-2017-11-20-at-09.27.13-768x512.jpeg 768w, https:\/\/www.oroverde.com.ar\/web\/wp-content\/uploads\/2017\/11\/WhatsApp-Image-2017-11-20-at-09.27.13-850x567.jpeg 850w\" sizes=\"(max-width: 960px) 100vw, 960px\" \/><\/a>El \u00c1rea de Ni\u00f1ez, Adolescencia y Familia es un servicio de protecci\u00f3n de derechos de los NNA que funciona en el Centro Integrador Comunitario (CIC) y es una dependencia del CoPNAF en el marco de un convenio con el Municipio de Oro Verde. Las profesionales a cargo de la misma son la Licenciada en Psicolog\u00eda J\u00e9sica Arlettaz y la Licenciada en Trabajo Social Paola Cordoba. Para conocer m\u00e1s sobre \u00e9ste importante \u00e1rea realizamos una entrevista donde nos explican su funcionamiento.<\/p>\n<p><!--more--><\/p>\n<p style=\"text-align: justify;\"><strong>\u00bfCu\u00e1ndo se fund\u00f3 el \u00c1rea de Ni\u00f1ez, Adolescencia y Familia (ANAF) y de d\u00f3nde surge la necesidad de crear \u00e9ste espacio?<\/strong><\/p>\n<p style=\"text-align: justify;\">El ANAF se funda en el a\u00f1o 2.013, m\u00e1s precisamente en el mes de abril a partir de un convenio que se celebr\u00f3 entre el Consejo Provincial de Ni\u00f1ez, Adolescencia y Familia (CoPNAF) y el Municipio de Oro Verde, con el objetivo de atender las problem\u00e1ticas propias de la comunidad de Oro Verde sin la necesidad de que las mismas fueran derivadas a CoPNAF central de Paran\u00e1.<\/p>\n<p style=\"text-align: justify;\"><strong>\u00bfQu\u00e9 tipo de problem\u00e1ticas abordan?<\/strong><\/p>\n<p style=\"text-align: justify;\">Las problem\u00e1ticas que aborda el ANAF son violencia familiar, deserci\u00f3n escolar, maltrato infantil, abuso sexual infantil, entre otras, que tienen que ver con la vulneraci\u00f3n de los derechos de los ni\u00f1os, ni\u00f1as y adolescentes de nuestra comunidad. El objetivo principal del ANAF es la restituci\u00f3n de ese derecho vulnerado que atraviesa la vida cotidiana del NNA, que involucra el derecho a la educaci\u00f3n, el derecho a la salud, el derecho a la libre expresi\u00f3n, el derecho a ser escuchado y tenido en cuenta su opini\u00f3n, derecho a la recreaci\u00f3n, derecho a la identidad, el derecho a jugar, entre otros que se detallan en la Ley de Protecci\u00f3n Integral de los Derechos de los Ni\u00f1os, Ni\u00f1as y Adolescentes.<\/p>\n<p><strong>\u00bfQu\u00e9 tipo de actividades se llevan a cabo por parte del equipo de trabajo?<\/strong><\/p>\n<p style=\"text-align: justify;\">El ANAF tiene dos grandes l\u00edneas de trabajo que son la restituci\u00f3n de los derechos y la promoci\u00f3n de \u00e9stos. En cuanto a la restituci\u00f3n de derechos primero se identifica la problem\u00e1tica la cual ingresa por parte de una demanda de intervenci\u00f3n la cual puede proceder de los Juzgados de Familia, Juzgados de Instrucci\u00f3n, Defensor\u00edas de Pobres y Menores, de la Fiscal\u00eda, de CoPNAF central (l\u00ednea 102), de las Instituciones de la localidad, tanto educativas, de salud, etc. as\u00ed como tambi\u00e9n de cualquier persona que forme que detecte la vulneraci\u00f3n de un derecho, ya sea que est\u00e9 inmersa en la situaci\u00f3n problem\u00e1tica o no. Un punto importante a tener presente es que el ANAF trabaja con los NNA desde que nacen hasta los 18 a\u00f1os de edad seg\u00fan lo establece la Ley.<\/p>\n<p style=\"text-align: justify;\">Por otro lado, la otra l\u00ednea de acci\u00f3n tiene que ver con la promoci\u00f3n de los derechos de los NNA, teniendo en cuenta la necesidad de darle visibilidad y voz a sus derechos. Es por esto que para lograr \u00e9ste objetivo el \u00e1rea desde su creaci\u00f3n ha presentado diversos proyectos a organismos con la finalidad de obtener recursos materiales y fondos que permitan crear espacios de participaci\u00f3n para ni\u00f1os y adolescentes. En el a\u00f1o 2.014 present\u00f3 en el Programa de J\u00f3venes Protagonistas del CoPNAF un proyecto que result\u00f3 ganador y les brind\u00f3 a los NNA la posibilidad de tener un espacio de Telas y Circo y otro de Ritmo y Percusi\u00f3n. En el a\u00f1o 2.015 gan\u00f3 un proyecto que fue presentado en la Secretar\u00eda Nacional de Ni\u00f1ez, Adolescencia y Familia (SENAF), el cual naci\u00f3 de una necesidad e inter\u00e9s genuino de los NNA de la comunidad de Oro Verde, quienes fueron el motor de \u00e9ste proyecto y a partir del cual puedo crear la primer Juegoteca de la localidad, taller que luego al finalizar el proyecto fue incorporado a la org\u00e1nica municipal y plant\u00f3 un antecedente, siendo la comunidad de Oro Verde una de las pocas de la Provincia de Entre R\u00edos que cuenta con una Juegoteca. As\u00ed mismo, con \u00e9ste proyecto se logr\u00f3 la construcci\u00f3n de distintos espacios como ser un Taller de Radio, Campamento y Telas y Circo.<\/p>\n<div id='gallery-1' class='gallery galleryid-2403 gallery-columns-2 gallery-size-thumbnail'><figure class='gallery-item'>\n\t\t\t<div class='gallery-icon portrait'>\n\t\t\t\t<a href='https:\/\/www.oroverde.com.ar\/web\/wp-content\/uploads\/2017\/11\/WhatsApp-Image-2017-11-20-at-09.27.11.jpeg'><img decoding=\"async\" width=\"84\" height=\"150\" src=\"https:\/\/www.oroverde.com.ar\/web\/wp-content\/uploads\/2017\/11\/WhatsApp-Image-2017-11-20-at-09.27.11-150x267.jpeg\" class=\"attachment-thumbnail size-thumbnail\" alt=\"\" srcset=\"https:\/\/www.oroverde.com.ar\/web\/wp-content\/uploads\/2017\/11\/WhatsApp-Image-2017-11-20-at-09.27.11-150x267.jpeg 150w, https:\/\/www.oroverde.com.ar\/web\/wp-content\/uploads\/2017\/11\/WhatsApp-Image-2017-11-20-at-09.27.11-300x533.jpeg 300w, https:\/\/www.oroverde.com.ar\/web\/wp-content\/uploads\/2017\/11\/WhatsApp-Image-2017-11-20-at-09.27.11.jpeg 720w\" sizes=\"(max-width: 84px) 100vw, 84px\" \/><\/a>\n\t\t\t<\/div><\/figure><figure class='gallery-item'>\n\t\t\t<div class='gallery-icon portrait'>\n\t\t\t\t<a href='https:\/\/www.oroverde.com.ar\/web\/wp-content\/uploads\/2017\/11\/WhatsApp-Image-2017-11-20-at-09.27.121.jpeg'><img decoding=\"async\" width=\"84\" height=\"150\" src=\"https:\/\/www.oroverde.com.ar\/web\/wp-content\/uploads\/2017\/11\/WhatsApp-Image-2017-11-20-at-09.27.121-150x267.jpeg\" class=\"attachment-thumbnail size-thumbnail\" alt=\"\" srcset=\"https:\/\/www.oroverde.com.ar\/web\/wp-content\/uploads\/2017\/11\/WhatsApp-Image-2017-11-20-at-09.27.121-150x267.jpeg 150w, https:\/\/www.oroverde.com.ar\/web\/wp-content\/uploads\/2017\/11\/WhatsApp-Image-2017-11-20-at-09.27.121-300x533.jpeg 300w, https:\/\/www.oroverde.com.ar\/web\/wp-content\/uploads\/2017\/11\/WhatsApp-Image-2017-11-20-at-09.27.121.jpeg 720w\" sizes=\"(max-width: 84px) 100vw, 84px\" \/><\/a>\n\t\t\t<\/div><\/figure>\n\t\t<\/div>\n\n<p style=\"text-align: justify;\"><strong>En cuanto al trabajo sobre las problem\u00e1ticas, \u00bfc\u00f3mo se manejan?<\/strong><\/p>\n<p style=\"text-align: justify;\">Nuestro marco legal tiene que ver con la Ley Nacional 26.061 y Ley Provincial 9.861 de Protecci\u00f3n Integral de los Derechos de los Ni\u00f1os, Ni\u00f1as y Adolescentes, las cuales son el eje regulatorio de nuestro trabajo y en las que est\u00e1n contemplados todos los derechos que ata\u00f1en a los NNA, como as\u00ed tambi\u00e9n las Medidas de Protecci\u00f3n que se deben implementar en el caso de que alguno de \u00e9stos se encuentre vulnerado, contemplando la posibilidad de implementar una Medida de Protecci\u00f3n Excepcional, la cual se adopta en el casos extremos en donde el NNA se encuentra en riesgo inminente y cuando todas las Medidas de Protecci\u00f3n se han agotado estableciendo que sea apartado de su grupo familiar por el t\u00e9rmino de 90 d\u00edas, con la posibilidad de pr\u00f3rroga en el caso de que las causas que dieron origen persistan. Es importante hacer hincapi\u00e9 que las Leyes antes mencionadas no pretenden apartar al NNA de su grupo familiar, estableciendo que los mismos puedan retornar luego de un Medida de Protecci\u00f3n Excepcional cuando el equipo t\u00e9cnico considere que ya no representa un riesgo y que existen las condiciones adecuadas para efectivizar su revinculaci\u00f3n y regreso.<\/p>\n<p style=\"text-align: justify;\">Otro de los marcos legales que tiene nuestro trabajo son los Protocolos Interinstitucionales de Actuaci\u00f3n en Casos de Abuso Sexual Infantil y Violencia Familiar, en los cuales se encuentran estipulados los pasos a seguir por cada una de las instituciones (Escuelas, Comisar\u00edas, Juzgados, CoPNAF, Centros de Salud) cuando toma conocimiento de una situaci\u00f3n abuso. Frente a cualquier duda o sospecha que se presente, se debe realizar la denuncia.<\/p>\n<p>&nbsp;<\/p>\n<p style=\"text-align: justify;\"><strong>\u00bfC\u00f3mo se realizan las denuncias?<\/strong><\/p>\n<p style=\"text-align: justify;\"><a href=\"http:\/\/www.oroverde.com.ar\/web\/wp-content\/uploads\/2017\/11\/WhatsApp-Image-2017-11-20-at-09.27.12.jpeg\"><img loading=\"lazy\" decoding=\"async\" class=\"alignleft wp-image-2413 size-medium\" src=\"http:\/\/www.oroverde.com.ar\/web\/wp-content\/uploads\/2017\/11\/WhatsApp-Image-2017-11-20-at-09.27.12-300x169.jpeg\" alt=\"\" width=\"300\" height=\"169\" srcset=\"https:\/\/www.oroverde.com.ar\/web\/wp-content\/uploads\/2017\/11\/WhatsApp-Image-2017-11-20-at-09.27.12-300x169.jpeg 300w, https:\/\/www.oroverde.com.ar\/web\/wp-content\/uploads\/2017\/11\/WhatsApp-Image-2017-11-20-at-09.27.12-150x84.jpeg 150w, https:\/\/www.oroverde.com.ar\/web\/wp-content\/uploads\/2017\/11\/WhatsApp-Image-2017-11-20-at-09.27.12-768x432.jpeg 768w, https:\/\/www.oroverde.com.ar\/web\/wp-content\/uploads\/2017\/11\/WhatsApp-Image-2017-11-20-at-09.27.12-850x478.jpeg 850w, https:\/\/www.oroverde.com.ar\/web\/wp-content\/uploads\/2017\/11\/WhatsApp-Image-2017-11-20-at-09.27.12.jpeg 960w\" sizes=\"(max-width: 300px) 100vw, 300px\" \/><\/a>La denuncia se puede realizar acerc\u00e1ndose en forma espont\u00e1nea a las oficinas del ANAF o llamando a la l\u00ednea gratuita 102 (guardia de CoPNAF), l\u00ednea que funciona las 24 hs, los 365 d\u00edas del a\u00f1o y en la que la denuncia puede ser efectuada en forma an\u00f3nima.<\/p>\n<p style=\"text-align: justify;\">Es importante destacar que el ANAF trabaja dentro de un marco de confidencialidad, evitando la divulgaci\u00f3n de la informaci\u00f3n y la revictimizaci\u00f3n de los NNA involucrados en la problem\u00e1tica. As\u00ed como tambi\u00e9n, tener en cuenta que la violencia no s\u00f3lo implica golpes f\u00edsicos como generalmente se suele asociar en el imaginario social, sino que tambi\u00e9n los gritos, los insultos, las ofensas, dejan marcas tambi\u00e9n, no visibles y que tienen que ver con la violencia psicol\u00f3gica.<\/p>\n<p style=\"text-align: justify;\">Todos somos responsables en garantizar los derechos de los ni\u00f1os, ni\u00f1as y adolescentes de la comunidad, como as\u00ed tambi\u00e9n en darle visibilidad a las diferentes problem\u00e1ticas que \u00e9stos puedan estar vivenciando para que las instituciones correspondientes puedan darle un abordaje.<\/p>\n<hr \/>\n<p style=\"text-align: justify;\"><strong>Datos \u00fatiles:<\/strong><\/p>\n<p><strong>Horarios de atenci\u00f3n:<\/strong> lunes, mi\u00e9rcoles y viernes de 16:30 hs a 20:30 hs.<\/p>\n<p><strong>Tel\u00e9fono directo (s\u00f3lo durante d\u00edas y horarios de atenci\u00f3n):<\/strong> 0343- 4239003<\/p>\n<p>&nbsp;<\/p>\n<hr \/>\n<p style=\"text-align: right;\">Entrevista realizada por <strong>Bruno Ravina<\/strong> en el marco de pasant\u00eda para finalizar sus estudios secundarios.<br \/>\nEscuela N\u00b020 Rosario Vera Pe\u00f1aloza &#8211; Oro Verde<\/p>\n","protected":false},"excerpt":{"rendered":"<p>El \u00c1rea de Ni\u00f1ez, Adolescencia y Familia es un servicio de protecci\u00f3n de derechos de los NNA que funciona en el Centro Integrador Comunitario (CIC) y es una dependencia del&#8230;<\/p>\n","protected":false},"author":1,"featured_media":0,"parent":0,"menu_order":0,"comment_status":"closed","ping_status":"closed","template":"","meta":{"_eb_attr":"","footnotes":""},"class_list":["post-2403","page","type-page","status-publish","hentry"],"_links":{"self":[{"href":"https:\/\/www.oroverde.com.ar\/web\/wp-json\/wp\/v2\/pages\/2403","targetHints":{"allow":["GET"]}}],"collection":[{"href":"https:\/\/www.oroverde.com.ar\/web\/wp-json\/wp\/v2\/pages"}],"about":[{"href":"https:\/\/www.oroverde.com.ar\/web\/wp-json\/wp\/v2\/types\/page"}],"author":[{"embeddable":true,"href":"https:\/\/www.oroverde.com.ar\/web\/wp-json\/wp\/v2\/users\/1"}],"replies":[{"embeddable":true,"href":"https:\/\/www.oroverde.com.ar\/web\/wp-json\/wp\/v2\/comments?post=2403"}],"version-history":[{"count":8,"href":"https:\/\/www.oroverde.com.ar\/web\/wp-json\/wp\/v2\/pages\/2403\/revisions"}],"predecessor-version":[{"id":2479,"href":"https:\/\/www.oroverde.com.ar\/web\/wp-json\/wp\/v2\/pages\/2403\/revisions\/2479"}],"wp:attachment":[{"href":"https:\/\/www.oroverde.com.ar\/web\/wp-json\/wp\/v2\/media?parent=2403"}],"curies":[{"name":"wp","href":"https:\/\/api.w.org\/{rel}","templated":true}]}}