{"id":382,"date":"2015-03-14T22:14:29","date_gmt":"2015-03-15T01:14:29","guid":{"rendered":"http:\/\/www.oroverde.com.ar\/web\/?page_id=382"},"modified":"2021-03-26T10:51:53","modified_gmt":"2021-03-26T13:51:53","slug":"guia-comercial","status":"publish","type":"page","link":"https:\/\/www.oroverde.com.ar\/web\/guia-comercial\/","title":{"rendered":"Gu\u00eda comercial"},"content":{"rendered":"<p>Para sumarse a esta gu\u00eda, complete el formulario al final de la misma con sus datos personales y nos comunicaremos con usted. La publicaci\u00f3n b\u00e1sica es gratuita y la publicaci\u00f3n gr\u00e1fica muy accesible. Estar\u00e1 colaborando con nuestro portal comunitario, 15 a\u00f1os ayudando a la poblaci\u00f3n de Oro Verde.<\/p>\n<p>\u00a0<\/p>\n<hr \/>\n<h3><span style=\"color: #008000;\">CARNICER\u00cdA<\/span><\/h3>\n<p><strong>Carnicer\u00eda Ilusion<\/strong><br \/>Av. Los Eucaliptus 190<br \/>Tel. (0343) 154 063 968<\/p>\n<hr \/>\n<h3><span style=\"color: #008000;\">CARPINTER\u00cdA<\/span><\/h3>\n<p><strong>Carpinteria Oro Verde<\/strong><br \/>Los Chingolos Casa 11<br \/>Tels 154 740 368\/ 0343- 4975619<\/p>\n<hr \/>\n<h3><span style=\"color: #008000;\">COMPUTACI\u00d3N<\/span><\/h3>\n<p><strong>Oro Verde Digital SRL. Sistemas, Insumos, Reparaci\u00f3n.<\/strong><br \/>Los Jilgueros 160<br \/>Tel\u00e9fono: 4998086<\/p>\n<hr \/>\n<p><strong>Insumos Oro Verde<\/strong><br \/>Los Colibries 219<br \/>Tel 154 557 820 \/ 154 654 187<\/p>\n<hr \/>\n<h3><span style=\"color: #008000;\">FERRETER\u00cdA<\/span><\/h3>\n<p><a href=\"https:\/\/lasolucion.oroverde.com.ar\">Ferreter\u00eda La Soluci\u00f3n<\/a><br \/>https:\/\/lasolucion.oroverde.com.ar<\/p>\n<p><strong>Ferreteria Ferretodo<\/strong><br \/>Los Eucaliptus 150<br \/>Tel\u00e9fono: 155 144 467<\/p>\n<hr \/>\n<h3><span style=\"color: #008000;\">GOMER\u00cdA<\/span><\/h3>\n<p><strong>Gomeria \u201cSan Bernardo\u201d<\/strong><br \/>Tel. 154 383 942<\/p>\n<hr \/>\n<h3><span style=\"color: #008000;\"><strong>HELADER\u00cdA<\/strong><\/span><\/h3>\n<p><strong>Heladeria Yo<\/strong><br \/>Los Jacarandaes 396<br \/>Tels: 423 92 64 \/ 156 229 655<\/p>\n<hr \/>\n<h3><span style=\"color: #008000;\">HERRER\u00cdA<\/span><\/h3>\n<p><strong>El Angel Guardian Herreria<\/strong><br \/>Los Chingolos S\/N\u00a0 &#8211; Parque Industrial Oro Verde<br \/>Tel\u00e9fonos: 156 235 345<\/p>\n<hr \/>\n<h3><span style=\"color: #008000;\">KIOSCO<\/span><\/h3>\n<p>Kiosco De Diarios Y Revistas Melli\u00b4S<br \/>Los Jacarandaes 71 Local 4<br \/>Tel\u00e9fono: 497 52 54 \/ 155 018 477<\/p>\n<hr \/>\n<h3><span style=\"color: #008000;\">LIMPIEZA<\/span><\/h3>\n<p><strong>Se\u00f1ora Limpieza<\/strong><br \/>Jose Politti 2374 &#8211; Paran\u00e1<\/p>\n<p>Telefonos: 154 613 358 \u2013 435 34 32<\/p>\n<hr \/>\n<h3><span style=\"color: #008000;\">MOTOS<\/span><\/h3>\n<p><strong>Oro Verde Motos<\/strong><br \/>Av Del Castillo 343<br \/>Tel 497 58 32<\/p>\n<hr \/>\n<h3><span style=\"color: #008000;\">MULTISERVICIO<\/span><\/h3>\n<p>Multiservicio Del Pueblo<br \/>Los Jacarandaes 120<br \/>Telefonos: 497 55 51<\/p>\n<hr \/>\n<h3><span style=\"color: #008000;\">\u00d3PTICA<\/span><\/h3>\n<p><strong>Optica Oro Verde<\/strong><br \/>Av Del Castillo 393<\/p>\n<hr \/>\n<h3><span style=\"color: #008000;\">PANADER\u00cdA<\/span><\/h3>\n<p><strong>Nardos Confiteria Y Panader\u00eda<\/strong><br \/>Los Colibries y Los Eucaliptus<br \/>Tel\u00e9fono.: 154 488 815<\/p>\n<p>\u00a0<\/p>\n<hr \/>\n<h3><span style=\"color: #008000;\">RADIO<\/span><\/h3>\n<p><b>Radio\u00a0Sensaci\u00f3n\u00a0Oro Verde 90.5<\/b><br \/>Tel: 0343-4975413 \u2013 Msj 0343 \u2013 156 222 839<\/p>\n<hr \/>\n<h3><span style=\"color: #008000;\">REMISERO<\/span><\/h3>\n<p><strong>Alberto Corbalan<\/strong><br \/>Los Jacarandaes 76<br \/>Tel: 0343-154591765 y 4975618<\/p>\n<hr \/>\n<h3><span style=\"color: #008000;\">REPARACIONES<\/span><\/h3>\n<p><strong>Bicicletas en Oro Verde, reparaci\u00f3n integral de bicicletas.<\/strong><br \/>Camino de la Cuchilla 293, Barrio el Triangular.<br \/>Cel 154195642,<br \/>Retiro u entrega a domicilio sin cargo.<\/p>\n<hr \/>\n<h3><span style=\"color: #008000;\">VERDULER\u00cdA<\/span><\/h3>\n<p><strong>Verduleria Rs<\/strong><br \/>Intendente Del Castillo 451 (DENTRO De Supermercado Fraternidad)<br \/>Tel. 155 000 048<\/p>\n<hr \/>\n<p><strong>Verduleria y Fruteria Daniel<\/strong><br \/>Av De Las Americas Esquina Newbery &#8211; Paran\u00e1<br \/>Telefonos: 154 460 057<\/p>\n<hr \/>\n<h3><span style=\"color: #008000;\">INDUMENTARIA<\/span><\/h3>\n<p><strong>Orange<\/strong><br \/>Los Jacarandaes 71<\/p>\n<hr \/>\n<h3><span style=\"color: #008000;\">VENTA POR CAT\u00c1LOGO<\/span><\/h3>\n<p><strong>\u201cORO De Angeles Mary Kay\u201d<\/strong><br \/>(0343) 156 986 678 \/ 497 54 50<\/p>\n<hr \/>\n<h3><span style=\"color: #008000;\">VINOTECA<\/span><\/h3>\n<p><strong>Herederos Vinoteca<\/strong><br \/>Los Jacarandaes 175<br \/>Tel\u00e9fonos: (0343) 154 680 967 \/ 154 476 592<\/p>\n<p>\u00a0<\/p>\n\n\n<p><\/p>\n","protected":false},"excerpt":{"rendered":"<p>Para sumarse a esta gu\u00eda, complete el formulario al final de la misma con sus datos personales y nos comunicaremos con usted. La publicaci\u00f3n b\u00e1sica es gratuita y la publicaci\u00f3n&#8230;<\/p>\n","protected":false},"author":1,"featured_media":0,"parent":0,"menu_order":0,"comment_status":"open","ping_status":"closed","template":"","meta":{"_eb_attr":"","footnotes":""},"class_list":["post-382","page","type-page","status-publish","hentry"],"_links":{"self":[{"href":"https:\/\/www.oroverde.com.ar\/web\/wp-json\/wp\/v2\/pages\/382","targetHints":{"allow":["GET"]}}],"collection":[{"href":"https:\/\/www.oroverde.com.ar\/web\/wp-json\/wp\/v2\/pages"}],"about":[{"href":"https:\/\/www.oroverde.com.ar\/web\/wp-json\/wp\/v2\/types\/page"}],"author":[{"embeddable":true,"href":"https:\/\/www.oroverde.com.ar\/web\/wp-json\/wp\/v2\/users\/1"}],"replies":[{"embeddable":true,"href":"https:\/\/www.oroverde.com.ar\/web\/wp-json\/wp\/v2\/comments?post=382"}],"version-history":[{"count":15,"href":"https:\/\/www.oroverde.com.ar\/web\/wp-json\/wp\/v2\/pages\/382\/revisions"}],"predecessor-version":[{"id":622877,"href":"https:\/\/www.oroverde.com.ar\/web\/wp-json\/wp\/v2\/pages\/382\/revisions\/622877"}],"wp:attachment":[{"href":"https:\/\/www.oroverde.com.ar\/web\/wp-json\/wp\/v2\/media?parent=382"}],"curies":[{"name":"wp","href":"https:\/\/api.w.org\/{rel}","templated":true}]}}