{"id":40,"date":"2014-11-29T22:19:59","date_gmt":"2014-11-29T22:19:59","guid":{"rendered":"http:\/\/overde.com.ar\/web\/?page_id=40"},"modified":"2014-12-02T14:27:29","modified_gmt":"2014-12-02T17:27:29","slug":"el-paseo-de-los-trenes","status":"publish","type":"page","link":"https:\/\/www.oroverde.com.ar\/web\/el-paseo-de-los-trenes\/","title":{"rendered":"El Paseo de los Trenes"},"content":{"rendered":"<p><a href=\"http:\/\/overde.com.ar\/web\/wp-content\/uploads\/2014\/11\/10407823_839554219442058_7370836356425936613_n.jpg\"><img fetchpriority=\"high\" decoding=\"async\" class=\"alignleft size-medium wp-image-41\" src=\"http:\/\/overde.com.ar\/web\/wp-content\/uploads\/2014\/11\/10407823_839554219442058_7370836356425936613_n-300x201.jpg\" alt=\"Paseo de los trenes\" width=\"300\" height=\"201\" \/><\/a>El Paseo de Los Trenes se construy\u00f3 en un terreno al que la comunidad daba poco uso, y se trat\u00f3 de resignificar el espacio y ofrecer una alternativa tur\u00edstica que sit\u00fae a Oro Verde en una mejor posici\u00f3n en el corredor de las Aldeas. La inciativa originalmente fue un sue\u00f1o del ex intendente Carlos Del Castillo, que lo concibi\u00f3 como un museo ferroviario funcional. Hoy ese sue\u00f1o es realidad de la mano del Ing. Jos\u00e9 Luis Dum\u00e9, intendente de la localidad desde 2007.<\/p>\n<p>Forma parte de un \u00e1rea fundamental de esparcimiento que se asienta en cuatro espacios: el Polideportivo Municipal, el Complejo de Piletas, el Museo \u00abConrado Hasenauer\u00bb, la cancha softbol y hockey, y el Paseo de los Trenes.<\/p>\n<p>El intendente de Oro Verde, Jos\u00e9 Luis Dum\u00e9, con motivo de la inauguraci\u00f3n expres\u00f3 \u00abes un nuevo espacio para la comunidad y la regi\u00f3n, estamos muy felices y satisfechos.\u00bb<\/p>\n<p>El viernes 7 de noviembre de 2014, se habilit\u00f3 el predio que cuenta con toda la infraestructura para incorporar un moderno servicio gastron\u00f3mico, \u00fanico en la regi\u00f3n por sus caracter\u00edsticas.<\/p>\n<p>\u00abLa idea es que este sector sea un espacio en donde la gente pueda venir a disfrutar y nos elija como destino para pasar el d\u00eda al aire libre, y tambi\u00e9n, se quede un poco m\u00e1s\u00bb, puntualiz\u00f3.<\/p>\n<div id='gallery-1' class='gallery galleryid-40 gallery-columns-3 gallery-size-thumbnail'><figure class='gallery-item'>\n\t\t\t<div class='gallery-icon landscape'>\n\t\t\t\t<a href='https:\/\/www.oroverde.com.ar\/web\/wp-content\/uploads\/2014\/11\/10003973_839549569442523_6818628568033274618_n.jpg'><img decoding=\"async\" width=\"150\" height=\"101\" src=\"https:\/\/www.oroverde.com.ar\/web\/wp-content\/uploads\/2014\/11\/10003973_839549569442523_6818628568033274618_n-150x101.jpg\" class=\"attachment-thumbnail size-thumbnail\" alt=\"\" srcset=\"https:\/\/www.oroverde.com.ar\/web\/wp-content\/uploads\/2014\/11\/10003973_839549569442523_6818628568033274618_n-150x101.jpg 150w, https:\/\/www.oroverde.com.ar\/web\/wp-content\/uploads\/2014\/11\/10003973_839549569442523_6818628568033274618_n-300x202.jpg 300w, https:\/\/www.oroverde.com.ar\/web\/wp-content\/uploads\/2014\/11\/10003973_839549569442523_6818628568033274618_n-768x516.jpg 768w, https:\/\/www.oroverde.com.ar\/web\/wp-content\/uploads\/2014\/11\/10003973_839549569442523_6818628568033274618_n-850x571.jpg 850w, https:\/\/www.oroverde.com.ar\/web\/wp-content\/uploads\/2014\/11\/10003973_839549569442523_6818628568033274618_n.jpg 960w\" sizes=\"(max-width: 150px) 100vw, 150px\" \/><\/a>\n\t\t\t<\/div><\/figure><figure class='gallery-item'>\n\t\t\t<div class='gallery-icon landscape'>\n\t\t\t\t<a href='https:\/\/www.oroverde.com.ar\/web\/wp-content\/uploads\/2014\/11\/10343507_839555386108608_6139884070539463588_n.jpg'><img decoding=\"async\" width=\"150\" height=\"101\" src=\"https:\/\/www.oroverde.com.ar\/web\/wp-content\/uploads\/2014\/11\/10343507_839555386108608_6139884070539463588_n-150x101.jpg\" class=\"attachment-thumbnail size-thumbnail\" alt=\"\" srcset=\"https:\/\/www.oroverde.com.ar\/web\/wp-content\/uploads\/2014\/11\/10343507_839555386108608_6139884070539463588_n-150x101.jpg 150w, https:\/\/www.oroverde.com.ar\/web\/wp-content\/uploads\/2014\/11\/10343507_839555386108608_6139884070539463588_n-300x202.jpg 300w, https:\/\/www.oroverde.com.ar\/web\/wp-content\/uploads\/2014\/11\/10343507_839555386108608_6139884070539463588_n-768x516.jpg 768w, https:\/\/www.oroverde.com.ar\/web\/wp-content\/uploads\/2014\/11\/10343507_839555386108608_6139884070539463588_n-850x571.jpg 850w, https:\/\/www.oroverde.com.ar\/web\/wp-content\/uploads\/2014\/11\/10343507_839555386108608_6139884070539463588_n.jpg 960w\" sizes=\"(max-width: 150px) 100vw, 150px\" \/><\/a>\n\t\t\t<\/div><\/figure><figure class='gallery-item'>\n\t\t\t<div class='gallery-icon landscape'>\n\t\t\t\t<a href='https:\/\/www.oroverde.com.ar\/web\/wp-content\/uploads\/2014\/11\/10363533_839548839442596_7368943734252691260_n.jpg'><img loading=\"lazy\" decoding=\"async\" width=\"150\" height=\"101\" src=\"https:\/\/www.oroverde.com.ar\/web\/wp-content\/uploads\/2014\/11\/10363533_839548839442596_7368943734252691260_n-150x101.jpg\" class=\"attachment-thumbnail size-thumbnail\" alt=\"\" srcset=\"https:\/\/www.oroverde.com.ar\/web\/wp-content\/uploads\/2014\/11\/10363533_839548839442596_7368943734252691260_n-150x101.jpg 150w, https:\/\/www.oroverde.com.ar\/web\/wp-content\/uploads\/2014\/11\/10363533_839548839442596_7368943734252691260_n-300x202.jpg 300w, https:\/\/www.oroverde.com.ar\/web\/wp-content\/uploads\/2014\/11\/10363533_839548839442596_7368943734252691260_n-768x516.jpg 768w, https:\/\/www.oroverde.com.ar\/web\/wp-content\/uploads\/2014\/11\/10363533_839548839442596_7368943734252691260_n-850x571.jpg 850w, https:\/\/www.oroverde.com.ar\/web\/wp-content\/uploads\/2014\/11\/10363533_839548839442596_7368943734252691260_n.jpg 960w\" sizes=\"(max-width: 150px) 100vw, 150px\" \/><\/a>\n\t\t\t<\/div><\/figure>\n\t\t<\/div>\n\n<p>El arquitecto responsable de la obra fue Fabio Bonell, quien describi\u00f3 el proceso de construcci\u00f3n; \u00aben la primera etapa del trabajo lo que se hizo fue relevar con lo que cont\u00e1bamos y ver que funcionamiento se le pod\u00eda dar a cada uno de los vagones y comenzamos con la restauraci\u00f3n; desechar lo que no serv\u00eda y lo que estaba en mal estado. A su vez construimos -que fueron las \u00fanicas construcciones&#8211;, el cuerpo de ba\u00f1os p\u00fablicos, los asadores, y parte de la fuente central\u00bb.<\/p>\n<p>\u00abEn 2014, avanzamos sobre las terrazas para la expansi\u00f3n de los comedores aboc\u00e1ndonos a lo que se denomina la concesi\u00f3n n\u00famero uno, que dio lugar a todo lo que es el vag\u00f3n cocina y el vag\u00f3n comedor. Este \u00faltimo, restaurado casi completamente con su aspecto original. Se cre\u00f3 una marquesina que hace a su vez como una estaci\u00f3n de trenes, para resguardo de lo que ser\u00eda el ingreso a los ba\u00f1os\u00bb, y puntualiz\u00f3 \u00abarmamos la fuente y la glorieta junto a los caminos que llevan a unir cada uno de los sectores\u00bb.<\/p>\n<p><a href=\"http:\/\/www.oroverde.com.ar\/web\/wp-content\/uploads\/2014\/11\/Selecci\u00f3n_187-e1417541229952.png\"><img loading=\"lazy\" decoding=\"async\" class=\"aligncenter size-full wp-image-126\" src=\"http:\/\/www.oroverde.com.ar\/web\/wp-content\/uploads\/2014\/11\/Selecci\u00f3n_187-e1417541229952.png\" alt=\"Selecci\u00f3n_187\" width=\"884\" height=\"631\" srcset=\"https:\/\/www.oroverde.com.ar\/web\/wp-content\/uploads\/2014\/11\/Selecci\u00f3n_187-e1417541229952.png 884w, https:\/\/www.oroverde.com.ar\/web\/wp-content\/uploads\/2014\/11\/Selecci\u00f3n_187-e1417541229952-300x214.png 300w, https:\/\/www.oroverde.com.ar\/web\/wp-content\/uploads\/2014\/11\/Selecci\u00f3n_187-e1417541229952-150x107.png 150w, https:\/\/www.oroverde.com.ar\/web\/wp-content\/uploads\/2014\/11\/Selecci\u00f3n_187-e1417541229952-768x548.png 768w, https:\/\/www.oroverde.com.ar\/web\/wp-content\/uploads\/2014\/11\/Selecci\u00f3n_187-e1417541229952-850x607.png 850w\" sizes=\"(max-width: 884px) 100vw, 884px\" \/><\/a>Adem\u00e1s, se refiri\u00f3 a la siguiente etapa, desarrollada en 2015 \u00ablo que tenemos por delante es construir las concesiones (puestos gastron\u00f3micos) tres y cuatro y terminar la segunda, para lo cual ya instalamos todos los servicios. Resta parquizar y \u00abhermosear\u00bb todos los espacios comunes\u00bb.<\/p>\n<p>El Complejo abarca aproximadamente 3 mil setecientos metros cuadrados y cuenta, entre otras cosas, con un patio cervecero, dos restaurantes instalados en los vagones restaurados, espacios para comer al aire libre, dos edificios con ba\u00f1os, y una fuente de agua central con una p\u00e9rgola donde se presentar\u00e1n distintos n\u00fameros art\u00edsticos.<\/p>\n<p style=\"text-align: right;\">(Fotos: Beto Vera &#8211; Fuente: La Web del Paran\u00e1)<\/p>\n","protected":false},"excerpt":{"rendered":"<p>El Paseo de Los Trenes se construy\u00f3 en un terreno al que la comunidad daba poco uso, y se trat\u00f3 de resignificar el espacio y ofrecer una alternativa tur\u00edstica que&#8230;<\/p>\n","protected":false},"author":1,"featured_media":0,"parent":0,"menu_order":0,"comment_status":"open","ping_status":"closed","template":"","meta":{"_eb_attr":"","footnotes":""},"class_list":["post-40","page","type-page","status-publish","hentry"],"_links":{"self":[{"href":"https:\/\/www.oroverde.com.ar\/web\/wp-json\/wp\/v2\/pages\/40","targetHints":{"allow":["GET"]}}],"collection":[{"href":"https:\/\/www.oroverde.com.ar\/web\/wp-json\/wp\/v2\/pages"}],"about":[{"href":"https:\/\/www.oroverde.com.ar\/web\/wp-json\/wp\/v2\/types\/page"}],"author":[{"embeddable":true,"href":"https:\/\/www.oroverde.com.ar\/web\/wp-json\/wp\/v2\/users\/1"}],"replies":[{"embeddable":true,"href":"https:\/\/www.oroverde.com.ar\/web\/wp-json\/wp\/v2\/comments?post=40"}],"version-history":[{"count":3,"href":"https:\/\/www.oroverde.com.ar\/web\/wp-json\/wp\/v2\/pages\/40\/revisions"}],"predecessor-version":[{"id":127,"href":"https:\/\/www.oroverde.com.ar\/web\/wp-json\/wp\/v2\/pages\/40\/revisions\/127"}],"wp:attachment":[{"href":"https:\/\/www.oroverde.com.ar\/web\/wp-json\/wp\/v2\/media?parent=40"}],"curies":[{"name":"wp","href":"https:\/\/api.w.org\/{rel}","templated":true}]}}