{"id":480479,"date":"2019-02-15T09:12:22","date_gmt":"2019-02-15T12:12:22","guid":{"rendered":"http:\/\/www.oroverde.com.ar\/web\/?page_id=480479"},"modified":"2019-02-19T08:21:26","modified_gmt":"2019-02-19T11:21:26","slug":"med-consultorios-privados","status":"publish","type":"page","link":"https:\/\/www.oroverde.com.ar\/web\/med-consultorios-privados\/","title":{"rendered":"Consultorios Privados MED"},"content":{"rendered":"\r\n<figure class=\"wp-block-image\"><img decoding=\"async\" class=\"aligncenter\" src=\"http:\/\/www.oroverde.com.ar\/web\/wp-content\/uploads\/2019\/02\/logo_MED.jpg\" alt=\"\" \/><\/figure>\r\n\r\n<p style=\"text-align: center;\"><a href=\"#especialidades\">Especialidades<\/a> | <a href=\"#horarios\">Horarios<\/a> | <a href=\"#contacto\">Contacto<\/a><\/p>\r\n<h1 id=\"especialidades\">Especialidades<a href=\"http:\/\/www.oroverde.com.ar\/web\/wp-content\/uploads\/2019\/02\/50962684_800626093609183_8208712148050771968_n.jpg\"><img fetchpriority=\"high\" decoding=\"async\" class=\" wp-image-485981 alignright\" src=\"http:\/\/www.oroverde.com.ar\/web\/wp-content\/uploads\/2019\/02\/50962684_800626093609183_8208712148050771968_n.jpg\" alt=\"\" width=\"263\" height=\"349\" \/><\/a><\/h1>\r\n<ul>\r\n<li>Medicina familiar<\/li>\r\n<li>Pediatr\u00eda<\/li>\r\n<li>Odontolog\u00eda<\/li>\r\n<li>Psiquiatr\u00eda<\/li>\r\n<li>Psicolog\u00eda<\/li>\r\n<li>Nutrici\u00f3n<\/li>\r\n<li>Kinesiolog\u00eda<\/li>\r\n<li>RPG<\/li>\r\n<li>Osteopat\u00eda<\/li>\r\n<li>Quiropraxia<\/li>\r\n<li>Fonoaudiolog\u00eda<\/li>\r\n<li>OEA (estudios)<\/li>\r\n<li>Psicopedagog\u00eda<\/li>\r\n<li>Oftalmolog\u00eda<a href=\"http:\/\/www.oroverde.com.ar\/web\/wp-content\/uploads\/2019\/02\/51007270_2533423626687125_41149317158797312_n.jpg\"><img decoding=\"async\" class=\"wp-image-485982 alignright\" src=\"http:\/\/www.oroverde.com.ar\/web\/wp-content\/uploads\/2019\/02\/51007270_2533423626687125_41149317158797312_n.jpg\" alt=\"\" width=\"273\" height=\"361\" \/><\/a><\/li>\r\n<li>Cardiolog\u00eda<\/li>\r\n<li>Podolog\u00eda<\/li>\r\n<li>Terapia ocupacional<\/li>\r\n<li>Traumatolog\u00eda<\/li>\r\n<li>Ginecolog\u00eda<\/li>\r\n<li>Depilaci\u00f3n Definitiva<\/li>\r\n<li>Neurokinesionolog\u00eda<\/li>\r\n<li>Dermatolog\u00eda<\/li>\r\n<li>Alergia e inmunolog\u00eda<\/li>\r\n<li>Otorrinolaringolog\u00eda<\/li>\r\n<li>An\u00e1lisis Cl\u00ednicos.<\/li>\r\n<\/ul>\r\n\r\n<h1 id=\"horarios\">Horarios<\/h1>\r\n<p>\u00a0De Lunes a Viernes, de 7:45 a 20:30<\/p>\r\n<div class=\"_50f4\"><a href=\"http:\/\/www.oroverde.com.ar\/web\/wp-content\/uploads\/2019\/02\/50581472_387460468502198_692414484064501760_n.jpg\"><img decoding=\"async\" class=\"aligncenter wp-image-486020 size-large\" src=\"http:\/\/www.oroverde.com.ar\/web\/wp-content\/uploads\/2019\/02\/50581472_387460468502198_692414484064501760_n-1024x683.jpg\" alt=\"\" width=\"530\" height=\"354\" srcset=\"https:\/\/www.oroverde.com.ar\/web\/wp-content\/uploads\/2019\/02\/50581472_387460468502198_692414484064501760_n.jpg 1024w, https:\/\/www.oroverde.com.ar\/web\/wp-content\/uploads\/2019\/02\/50581472_387460468502198_692414484064501760_n-600x400.jpg 600w, https:\/\/www.oroverde.com.ar\/web\/wp-content\/uploads\/2019\/02\/50581472_387460468502198_692414484064501760_n-300x200.jpg 300w, https:\/\/www.oroverde.com.ar\/web\/wp-content\/uploads\/2019\/02\/50581472_387460468502198_692414484064501760_n-768x512.jpg 768w\" sizes=\"(max-width: 530px) 100vw, 530px\" \/><\/a><\/div>\r\n<div>\u00a0<\/div>\r\n\r\n<h1 id=\"contacto\">Contacto<\/h1>\r\n<div class=\"_5aj7 _3-8j _20ud\">\r\n<div><img decoding=\"async\" class=\"_1579 img\" src=\"https:\/\/static.xx.fbcdn.net\/rsrc.php\/v3\/yS\/r\/QeKYFue6x0O.png?_nc_eui2=AeHz2vvefHrKvky1w3UVD2gHe4hgCEt4WQb-j0YjkbedhCfsxXhsNhkxg9xnwx1LHWQySOktXfIrC68njrXAlr00y1YU4x7gWjskon7aFWQ7Bg\" alt=\"\" \/><span class=\"_2iem\"><strong> Domicilio<\/strong>: Los Cardenales 371<\/span><\/div>\r\n<div class=\"_4bl9\">\r\n<div><span class=\"_2iem\">Oro Verde, Entre Rios, Argentina<\/span><\/div>\r\n<\/div>\r\n<div class=\"_4bl7\">\u00a0<\/div>\r\n<\/div>\r\n<div class=\"clearfix _ikh _3-8j _20ud\">\r\n<div><img decoding=\"async\" class=\"_1579 img\" src=\"https:\/\/static.xx.fbcdn.net\/rsrc.php\/v3\/y_\/r\/w22vY_KTtil.png?_nc_eui2=AeHkLqcYklWzcu3iLBZR_qSzVUzdwuiWOaDsI4X1Ti259zVanT9t4yxpgQedaPelJKIRZ4m_pcpxs32Ry0ZElhJVOzQQO9A2Jpkbl5x3mxHeUw\" alt=\"\" \/> <strong>Messenger<\/strong>: <a id=\"u_jsonp_7_5\" href=\"https:\/\/l.facebook.com\/l.php?u=https%3A%2F%2Fm.me%2F1592449357740388%3Ffbclid%3DIwAR32XjGT4A6NgaohrsTRTmK9LAFoFBBt8WKQcJGcaP2pOxPcnVK2FT_-Wu0&amp;h=AT0GKMlzeSLEfu6p37-XFhjPN_ZzaKbG0Zjkg53zT0Y0vckdvbqwbIdRetMF0w5RDit2gSgDU2O7NLAUyroZSwJO9tkpZXI-jBI4AwwaJl6kAvsOCOk8GirM134\" target=\"_blank\" rel=\"noopener nofollow\" data-lynx-mode=\"asynclazy\"><span class=\"_2iem\">m.me\/1592449357740388<\/span><\/a><img decoding=\"async\" class=\"_6a0z img\" src=\"https:\/\/static.xx.fbcdn.net\/rsrc.php\/v3\/yM\/r\/h11eUOKy50P.png?_nc_eui2=AeFUOrS4BI54Np2aUURdI5N0Bx5kyOqnNU4c7mWf3YhmKLSywrMWE2MofB4Tvy2CGalAkPuOJ8EhrszZ1JA9_Tqo2GpxOYW4GPE8WDlDv8yY7A\" alt=\"\" data-hover=\"tooltip\" data-tooltip-content=\"Los enlaces M.me son URL abreviadas que las personas pueden usar para ir directamente a una conversaci\u00f3n de Messenger.\" \/><\/div>\r\n<div class=\"_4bl9\">\r\n<div>\r\n<div>\u00a0<\/div>\r\n<\/div>\r\n<\/div>\r\n<\/div>\r\n<div class=\"_5aj7 _3-8j\">\r\n<div class=\"_50f4\"><img decoding=\"async\" class=\"_1579 img\" src=\"https:\/\/static.xx.fbcdn.net\/rsrc.php\/v3\/y7\/r\/IQ6t9wiqqmw.png?_nc_eui2=AeF4c9kBraLHvzDNA4tM23KryvvVPJLt7Jq_YLiO1krXFbLLaPR-3ghfbz6yRURRLYq7B8kKv4wc5FaiLm-O5oyLwukjocZSrLSd-0tDTEnsQg\" alt=\"\" \/> <strong>Tel\u00e9fono<\/strong>: 0343 15-446-7080<\/div>\r\n<div>\u00a0<\/div>\r\n<\/div>\r\n<div>\r\n<div class=\"_50f4\"><img decoding=\"async\" class=\"_1579 img\" src=\"https:\/\/static.xx.fbcdn.net\/rsrc.php\/v3\/yg\/r\/YahdT5DovMC.png?_nc_eui2=AeF9wEHqB0bLDx5ABZ08dw_NR1xOVFlmqn7Ff4A05aSImNGM6-_X_1mfN7RiqPwzgyHcNQFgnPRxkxM9Mqcz-HpFBtO4-6rtUD6l_LrjYKk8zQ\" alt=\"\" \/> <a href=\"mailto:consultoriosprivadosmed@hotmail.com\">consultoriosprivadosmed@hotmail.com<\/a><\/div>\r\n<\/div>\r\n<div>\u00a0<\/div>\r\n<div><a href=\"http:\/\/www.oroverde.com.ar\/web\/wp-content\/uploads\/2019\/02\/51204939_385361462240481_3168210195289473024_n.jpg\"><img loading=\"lazy\" decoding=\"async\" class=\"aligncenter size-large wp-image-486021\" src=\"http:\/\/www.oroverde.com.ar\/web\/wp-content\/uploads\/2019\/02\/51204939_385361462240481_3168210195289473024_n-1024x683.jpg\" alt=\"\" width=\"530\" height=\"354\" srcset=\"https:\/\/www.oroverde.com.ar\/web\/wp-content\/uploads\/2019\/02\/51204939_385361462240481_3168210195289473024_n.jpg 1024w, https:\/\/www.oroverde.com.ar\/web\/wp-content\/uploads\/2019\/02\/51204939_385361462240481_3168210195289473024_n-600x400.jpg 600w, https:\/\/www.oroverde.com.ar\/web\/wp-content\/uploads\/2019\/02\/51204939_385361462240481_3168210195289473024_n-300x200.jpg 300w, https:\/\/www.oroverde.com.ar\/web\/wp-content\/uploads\/2019\/02\/51204939_385361462240481_3168210195289473024_n-768x512.jpg 768w\" sizes=\"(max-width: 530px) 100vw, 530px\" \/><\/a><\/div>","protected":false},"excerpt":{"rendered":"<p>Especialidades | Horarios | Contacto Especialidades Medicina familiar Pediatr\u00eda Odontolog\u00eda Psiquiatr\u00eda Psicolog\u00eda Nutrici\u00f3n Kinesiolog\u00eda RPG Osteopat\u00eda Quiropraxia Fonoaudiolog\u00eda OEA (estudios) Psicopedagog\u00eda Oftalmolog\u00eda Cardiolog\u00eda Podolog\u00eda Terapia ocupacional Traumatolog\u00eda Ginecolog\u00eda Depilaci\u00f3n Definitiva&#8230;<\/p>\n","protected":false},"author":1,"featured_media":0,"parent":0,"menu_order":0,"comment_status":"closed","ping_status":"closed","template":"","meta":{"_eb_attr":"","footnotes":""},"class_list":["post-480479","page","type-page","status-publish","hentry"],"_links":{"self":[{"href":"https:\/\/www.oroverde.com.ar\/web\/wp-json\/wp\/v2\/pages\/480479","targetHints":{"allow":["GET"]}}],"collection":[{"href":"https:\/\/www.oroverde.com.ar\/web\/wp-json\/wp\/v2\/pages"}],"about":[{"href":"https:\/\/www.oroverde.com.ar\/web\/wp-json\/wp\/v2\/types\/page"}],"author":[{"embeddable":true,"href":"https:\/\/www.oroverde.com.ar\/web\/wp-json\/wp\/v2\/users\/1"}],"replies":[{"embeddable":true,"href":"https:\/\/www.oroverde.com.ar\/web\/wp-json\/wp\/v2\/comments?post=480479"}],"version-history":[{"count":23,"href":"https:\/\/www.oroverde.com.ar\/web\/wp-json\/wp\/v2\/pages\/480479\/revisions"}],"predecessor-version":[{"id":486033,"href":"https:\/\/www.oroverde.com.ar\/web\/wp-json\/wp\/v2\/pages\/480479\/revisions\/486033"}],"wp:attachment":[{"href":"https:\/\/www.oroverde.com.ar\/web\/wp-json\/wp\/v2\/media?parent=480479"}],"curies":[{"name":"wp","href":"https:\/\/api.w.org\/{rel}","templated":true}]}}