{"id":49,"date":"2014-11-29T22:35:45","date_gmt":"2014-11-29T22:35:45","guid":{"rendered":"http:\/\/overde.com.ar\/web\/?page_id=49"},"modified":"2014-11-29T22:35:45","modified_gmt":"2014-11-29T22:35:45","slug":"complejo-de-piletas","status":"publish","type":"page","link":"https:\/\/www.oroverde.com.ar\/web\/complejo-de-piletas\/","title":{"rendered":"Complejo de piletas"},"content":{"rendered":"<p><a href=\"http:\/\/overde.com.ar\/web\/wp-content\/uploads\/2014\/11\/o_1327798695.jpg\"><img fetchpriority=\"high\" decoding=\"async\" class=\"alignleft size-medium wp-image-50\" src=\"http:\/\/overde.com.ar\/web\/wp-content\/uploads\/2014\/11\/o_1327798695-300x225.jpg\" alt=\"Complejo de piletas\" width=\"300\" height=\"225\" srcset=\"https:\/\/www.oroverde.com.ar\/web\/wp-content\/uploads\/2014\/11\/o_1327798695-300x225.jpg 300w, https:\/\/www.oroverde.com.ar\/web\/wp-content\/uploads\/2014\/11\/o_1327798695-150x113.jpg 150w, https:\/\/www.oroverde.com.ar\/web\/wp-content\/uploads\/2014\/11\/o_1327798695-480x360.jpg 480w, https:\/\/www.oroverde.com.ar\/web\/wp-content\/uploads\/2014\/11\/o_1327798695.jpg 640w\" sizes=\"(max-width: 300px) 100vw, 300px\" \/><\/a>El complejo, \u00fanico en la regi\u00f3n, cuenta con una pileta ol\u00edmpica, una para menores y una para los m\u00e1s peque\u00f1os. Vestuarios y ba\u00f1os totalmente equipados, quinchos y cantina con precios accesibles. Fue inaugurado en diciembre de 2007, durante la intendencia de Carlos Schmidt<\/p>\n<p><strong>Temporada 2014-2015<\/strong><\/p>\n<p>Oro Verde se\u00a0presenta una vez m\u00e1s como una alternativa para este verano para personas que vivan en la localidad, y en la regi\u00f3n. \u00a0Se puede disfrutar de un complejo de piletas excepcional, en las cercan\u00edas del Polideportivo Municipal. Las tarifas del Complejo de Piletas son diferenciadas para los habitantes del pueblo y tambi\u00e9n se puede acceder a un paquete para toda la temporada como grupo familiar o de manera individual.<\/p>\n<p>La inauguraci\u00f3n oficial ser\u00e1 el d\u00eda 5 de diciembre con un desfile de modas donde se elegir\u00e1 la Reina 2014 (como se hace todos los a\u00f1os)<\/p>\n<div id='gallery-1' class='gallery galleryid-49 gallery-columns-3 gallery-size-thumbnail'><figure class='gallery-item'>\n\t\t\t<div class='gallery-icon landscape'>\n\t\t\t\t<a href='https:\/\/www.oroverde.com.ar\/web\/wp-content\/uploads\/2014\/11\/1512464_627587754017683_6166571139484394195_n.jpg'><img decoding=\"async\" width=\"150\" height=\"100\" src=\"https:\/\/www.oroverde.com.ar\/web\/wp-content\/uploads\/2014\/11\/1512464_627587754017683_6166571139484394195_n-150x100.jpg\" class=\"attachment-thumbnail size-thumbnail\" alt=\"\" srcset=\"https:\/\/www.oroverde.com.ar\/web\/wp-content\/uploads\/2014\/11\/1512464_627587754017683_6166571139484394195_n-150x100.jpg 150w, https:\/\/www.oroverde.com.ar\/web\/wp-content\/uploads\/2014\/11\/1512464_627587754017683_6166571139484394195_n-300x200.jpg 300w, https:\/\/www.oroverde.com.ar\/web\/wp-content\/uploads\/2014\/11\/1512464_627587754017683_6166571139484394195_n.jpg 480w\" sizes=\"(max-width: 150px) 100vw, 150px\" \/><\/a>\n\t\t\t<\/div><\/figure><figure class='gallery-item'>\n\t\t\t<div class='gallery-icon landscape'>\n\t\t\t\t<a href='https:\/\/www.oroverde.com.ar\/web\/wp-content\/uploads\/2014\/11\/535942_627588010684324_2664608236599945828_n.jpg'><img decoding=\"async\" width=\"150\" height=\"81\" src=\"https:\/\/www.oroverde.com.ar\/web\/wp-content\/uploads\/2014\/11\/535942_627588010684324_2664608236599945828_n-150x81.jpg\" class=\"attachment-thumbnail size-thumbnail\" alt=\"\" srcset=\"https:\/\/www.oroverde.com.ar\/web\/wp-content\/uploads\/2014\/11\/535942_627588010684324_2664608236599945828_n-150x81.jpg 150w, https:\/\/www.oroverde.com.ar\/web\/wp-content\/uploads\/2014\/11\/535942_627588010684324_2664608236599945828_n-300x163.jpg 300w, https:\/\/www.oroverde.com.ar\/web\/wp-content\/uploads\/2014\/11\/535942_627588010684324_2664608236599945828_n.jpg 480w\" sizes=\"(max-width: 150px) 100vw, 150px\" \/><\/a>\n\t\t\t<\/div><\/figure><figure class='gallery-item'>\n\t\t\t<div class='gallery-icon landscape'>\n\t\t\t\t<a href='https:\/\/www.oroverde.com.ar\/web\/wp-content\/uploads\/2014\/11\/10473207_627588097350982_4564086034403538392_n.jpg'><img loading=\"lazy\" decoding=\"async\" width=\"150\" height=\"113\" src=\"https:\/\/www.oroverde.com.ar\/web\/wp-content\/uploads\/2014\/11\/10473207_627588097350982_4564086034403538392_n-150x113.jpg\" class=\"attachment-thumbnail size-thumbnail\" alt=\"\" srcset=\"https:\/\/www.oroverde.com.ar\/web\/wp-content\/uploads\/2014\/11\/10473207_627588097350982_4564086034403538392_n-150x113.jpg 150w, https:\/\/www.oroverde.com.ar\/web\/wp-content\/uploads\/2014\/11\/10473207_627588097350982_4564086034403538392_n-300x225.jpg 300w, https:\/\/www.oroverde.com.ar\/web\/wp-content\/uploads\/2014\/11\/10473207_627588097350982_4564086034403538392_n.jpg 480w\" sizes=\"(max-width: 150px) 100vw, 150px\" \/><\/a>\n\t\t\t<\/div><\/figure><figure class='gallery-item'>\n\t\t\t<div class='gallery-icon landscape'>\n\t\t\t\t<a href='https:\/\/www.oroverde.com.ar\/web\/wp-content\/uploads\/2014\/11\/10632889_627587854017673_8185718731082979169_n.jpg'><img loading=\"lazy\" decoding=\"async\" width=\"150\" height=\"100\" src=\"https:\/\/www.oroverde.com.ar\/web\/wp-content\/uploads\/2014\/11\/10632889_627587854017673_8185718731082979169_n-150x100.jpg\" class=\"attachment-thumbnail size-thumbnail\" alt=\"\" srcset=\"https:\/\/www.oroverde.com.ar\/web\/wp-content\/uploads\/2014\/11\/10632889_627587854017673_8185718731082979169_n-150x100.jpg 150w, https:\/\/www.oroverde.com.ar\/web\/wp-content\/uploads\/2014\/11\/10632889_627587854017673_8185718731082979169_n-300x200.jpg 300w, https:\/\/www.oroverde.com.ar\/web\/wp-content\/uploads\/2014\/11\/10632889_627587854017673_8185718731082979169_n.jpg 480w\" sizes=\"(max-width: 150px) 100vw, 150px\" \/><\/a>\n\t\t\t<\/div><\/figure><figure class='gallery-item'>\n\t\t\t<div class='gallery-icon landscape'>\n\t\t\t\t<a href='https:\/\/www.oroverde.com.ar\/web\/wp-content\/uploads\/2014\/11\/o_1327798611.jpg'><img loading=\"lazy\" decoding=\"async\" width=\"150\" height=\"113\" src=\"https:\/\/www.oroverde.com.ar\/web\/wp-content\/uploads\/2014\/11\/o_1327798611-150x113.jpg\" class=\"attachment-thumbnail size-thumbnail\" alt=\"\" srcset=\"https:\/\/www.oroverde.com.ar\/web\/wp-content\/uploads\/2014\/11\/o_1327798611-150x113.jpg 150w, https:\/\/www.oroverde.com.ar\/web\/wp-content\/uploads\/2014\/11\/o_1327798611-300x225.jpg 300w, https:\/\/www.oroverde.com.ar\/web\/wp-content\/uploads\/2014\/11\/o_1327798611-480x360.jpg 480w, https:\/\/www.oroverde.com.ar\/web\/wp-content\/uploads\/2014\/11\/o_1327798611.jpg 640w\" sizes=\"(max-width: 150px) 100vw, 150px\" \/><\/a>\n\t\t\t<\/div><\/figure>\n\t\t<\/div>\n\n<p><strong>Revisaci\u00f3n m\u00e9dica:<\/strong><\/p>\n<p>La revisaci\u00f3n m\u00e9dica es un requisito que se solicita por \u00fanica vez al ingresar al Complejo de Piletas Municipal. Se realiza de forma gratuita en el mismo complejo de y tiene una validez de 30 d\u00edas.<\/p>\n<p><strong>Horarios de funcionamiento del Complejo<\/strong><\/p>\n<p>El Complejo de\u00a0Piletas\u00a0funciona para el\u00a0p\u00fablico en general\u00a0de \u00a0lunes a \u00a0jueves\u00a0 de 12 a 20 horas. Viernes, s\u00e1bado y v\u00edsperas de feriado, de 12 a 21 y domingos \u00a0y feriados de 13 a 20 hs.<\/p>\n<p><strong>Los precios para esta temporada son:<\/strong><\/p>\n<p>Habitantes de Oro Verde:\u00a015\u00a0pesos por d\u00eda &#8211; 300 pesos por mes &#8211; 675 pesos por temporada completa (del 29 de noviembre al 1 de marzo de 2015).<\/p>\n<p>Grupo familiar de Oro Verde:\u00a0hasta cuatro (4) miembros 500 por mes &#8211; 1.000 por temporada completa &#8211; el adicional por hijo es de 100 pesos por mes y la temporada 220.<\/p>\n<p>Menor de 12 a\u00f1os de Oro Verde:\u00a05 pesos por d\u00eda &#8211; 100 pesos mensuales &#8211; 200 pesos temporada completa.<\/p>\n<p>Jubilados de Oro Verde:\u00a0sin cargo.<\/p>\n<p>Visitantes:\u00a050 pesos por d\u00eda &#8211; 1.000 pesos por mes &#8211; 2.125 pesos la temporada completa.<\/p>\n<p>Grupo familiar visitante:\u00a0hasta (4) miembros 2.300 por mes &#8211; 4.600\u00a0pesos por temporada completa &#8211; el adicional por hijo es de 450 pesos y 900\u00a0la temporada completa.<\/p>\n<p>Menor de 12 a\u00f1os visitante:\u00a025 pesos por d\u00eda &#8211; 500 mensuales &#8211; 1.200 pesos temporada completa.<\/p>\n<p>Visitante especial: sin cargo, previa justificaci\u00f3n.<\/p>\n<p>Empleados de la Municipalidad de Oro Verde y familiares directos: sin cargo.<\/p>\n","protected":false},"excerpt":{"rendered":"<p>El complejo, \u00fanico en la regi\u00f3n, cuenta con una pileta ol\u00edmpica, una para menores y una para los m\u00e1s peque\u00f1os. Vestuarios y ba\u00f1os totalmente equipados, quinchos y cantina con precios&#8230;<\/p>\n","protected":false},"author":1,"featured_media":0,"parent":0,"menu_order":0,"comment_status":"open","ping_status":"closed","template":"","meta":{"_eb_attr":"","footnotes":""},"class_list":["post-49","page","type-page","status-publish","hentry"],"_links":{"self":[{"href":"https:\/\/www.oroverde.com.ar\/web\/wp-json\/wp\/v2\/pages\/49","targetHints":{"allow":["GET"]}}],"collection":[{"href":"https:\/\/www.oroverde.com.ar\/web\/wp-json\/wp\/v2\/pages"}],"about":[{"href":"https:\/\/www.oroverde.com.ar\/web\/wp-json\/wp\/v2\/types\/page"}],"author":[{"embeddable":true,"href":"https:\/\/www.oroverde.com.ar\/web\/wp-json\/wp\/v2\/users\/1"}],"replies":[{"embeddable":true,"href":"https:\/\/www.oroverde.com.ar\/web\/wp-json\/wp\/v2\/comments?post=49"}],"version-history":[{"count":2,"href":"https:\/\/www.oroverde.com.ar\/web\/wp-json\/wp\/v2\/pages\/49\/revisions"}],"predecessor-version":[{"id":546,"href":"https:\/\/www.oroverde.com.ar\/web\/wp-json\/wp\/v2\/pages\/49\/revisions\/546"}],"wp:attachment":[{"href":"https:\/\/www.oroverde.com.ar\/web\/wp-json\/wp\/v2\/media?parent=49"}],"curies":[{"name":"wp","href":"https:\/\/api.w.org\/{rel}","templated":true}]}}